{"id":9,"date":"2016-07-11T11:36:52","date_gmt":"2016-07-11T09:36:52","guid":{"rendered":"http:\/\/xfinformatique.fr\/?page_id=9"},"modified":"2022-07-18T23:21:53","modified_gmt":"2022-07-18T21:21:53","slug":"contact","status":"publish","type":"page","link":"https:\/\/xfinformatique.fr\/en\/contact\/","title":{"rendered":"Contact"},"content":{"rendered":"<p>Contact for appointments or more informations :<\/p>\n<ul>\n<li>phone <a href=\"tel:+33695484249\">06 95 48 42 49<\/a><\/li>\n<li>email <a href=\"mailto:contact@xfinformatique.fr\">contact@xfinformatique.fr<\/a><\/li>\n<li>or using the following form \u2193<\/li>\n<\/ul>\n<hr \/>\n\n<div class=\"wpcf7 no-js\" id=\"wpcf7-f95-o1\" lang=\"fr-FR\" dir=\"ltr\" data-wpcf7-id=\"95\">\n<div class=\"screen-reader-response\"><p role=\"status\" aria-live=\"polite\" aria-atomic=\"true\"><\/p> <ul><\/ul><\/div>\n<form action=\"\/en\/wp-json\/wp\/v2\/pages\/9#wpcf7-f95-o1\" method=\"post\" class=\"wpcf7-form init\" aria-label=\"Formulaire de contact\" novalidate=\"novalidate\" data-status=\"init\" data-trp-original-action=\"\/en\/wp-json\/wp\/v2\/pages\/9#wpcf7-f95-o1\">\n<fieldset class=\"hidden-fields-container\"><input type=\"hidden\" name=\"_wpcf7\" value=\"95\" \/><input type=\"hidden\" name=\"_wpcf7_version\" value=\"6.1.5\" \/><input type=\"hidden\" name=\"_wpcf7_locale\" value=\"fr_FR\" \/><input type=\"hidden\" name=\"_wpcf7_unit_tag\" value=\"wpcf7-f95-o1\" \/><input type=\"hidden\" name=\"_wpcf7_container_post\" value=\"0\" \/><input type=\"hidden\" name=\"_wpcf7_posted_data_hash\" value=\"\" \/><input type=\"hidden\" name=\"_wpcf7_recaptcha_response\" value=\"\" \/>\n<\/fieldset>\n<p><label> Your name (required)<br \/>\n<span class=\"wpcf7-form-control-wrap\" data-name=\"your-name\"><input size=\"40\" maxlength=\"400\" class=\"wpcf7-form-control wpcf7-text wpcf7-validates-as-required\" aria-required=\"true\" aria-invalid=\"false\" value=\"\" type=\"text\" name=\"your-name\" \/><\/span> <\/label>\n<\/p>\n<p><label> Your email (required)<br \/>\n<span class=\"wpcf7-form-control-wrap\" data-name=\"your-email\"><input size=\"40\" maxlength=\"400\" class=\"wpcf7-form-control wpcf7-email wpcf7-validates-as-required wpcf7-text wpcf7-validates-as-email\" aria-required=\"true\" aria-invalid=\"false\" value=\"\" type=\"email\" name=\"your-email\" \/><\/span> <\/label>\n<\/p>\n<p><label> Subject<br \/>\n<span class=\"wpcf7-form-control-wrap\" data-name=\"your-subject\"><input size=\"40\" maxlength=\"400\" class=\"wpcf7-form-control wpcf7-text\" aria-invalid=\"false\" value=\"\" type=\"text\" name=\"your-subject\" \/><\/span> <\/label>\n<\/p>\n<p><label> Your message<br \/>\n<span class=\"wpcf7-form-control-wrap\" data-name=\"your-message\"><textarea cols=\"40\" rows=\"10\" maxlength=\"2000\" class=\"wpcf7-form-control wpcf7-textarea\" aria-invalid=\"false\" name=\"your-message\"><\/textarea><\/span> <\/label>\n<\/p>\n<p><input class=\"wpcf7-form-control wpcf7-submit has-spinner\" type=\"submit\" value=\"Submit\" \/>\n<\/p>\n<p class=\"has-small-font-size\">Website protected by Google  reCAPTCHA : <a href=\"https:\/\/policies.google.com\/privacy\" target=\"_blank\">Privacy policy<\/a> \/ <a href=\"https:\/\/policies.google.com\/terms\" target=\"_blank\">Terms &amp; conditions<\/a>\n<\/p><div class=\"wpcf7-response-output\" aria-hidden=\"true\"><\/div>\n<input type=\"hidden\" name=\"trp-form-language\" value=\"en\"\/><\/form>\n<\/div>","protected":false},"excerpt":{"rendered":"<p>Pour toute question, n&rsquo;h\u00e9sitez pas \u00e0 me contacter : par t\u00e9l\u00e9phone au 06 95 48 42 49 par email \u00e0 l&rsquo;adresse contact@xfinformatique.fr ou \u00e0 l&rsquo;aide du formulaire suivant \u2193<\/p>","protected":false},"author":1,"featured_media":0,"parent":0,"menu_order":0,"comment_status":"closed","ping_status":"closed","template":"","meta":{"footnotes":""},"class_list":["post-9","page","type-page","status-publish","czr-hentry"],"yoast_head":"<!-- This site is optimized with the Yoast SEO plugin v27.2 - https:\/\/yoast.com\/product\/yoast-seo-wordpress\/ -->\n<title>XF Informatique - D\u00e9pannage informatique sur site ou \u00e0 distance<\/title>\n<meta name=\"description\" content=\"D\u00e9pannage informatique : Installation, optimisation, conseils et formations informatiques personnalis\u00e9es sur site ou \u00e0 distance.\" \/>\n<meta name=\"robots\" content=\"index, follow, max-snippet:-1, max-image-preview:large, max-video-preview:-1\" \/>\n<link rel=\"canonical\" href=\"https:\/\/xfinformatique.fr\/en\/contact\/\" \/>\n<meta property=\"og:locale\" content=\"en_GB\" \/>\n<meta property=\"og:type\" content=\"article\" \/>\n<meta property=\"og:title\" content=\"XF Informatique - D\u00e9pannage informatique sur site ou \u00e0 distance\" \/>\n<meta property=\"og:description\" content=\"D\u00e9pannage informatique : Installation, optimisation, conseils et formations informatiques personnalis\u00e9es sur site ou \u00e0 distance.\" \/>\n<meta property=\"og:url\" content=\"https:\/\/xfinformatique.fr\/en\/contact\/\" \/>\n<meta property=\"og:site_name\" content=\"XF Informatique\" \/>\n<meta property=\"article:publisher\" content=\"https:\/\/www.facebook.com\/xfinformatique\/\" \/>\n<meta property=\"article:modified_time\" content=\"2022-07-18T21:21:53+00:00\" \/>\n<meta name=\"twitter:card\" content=\"summary_large_image\" \/>\n<script type=\"application\/ld+json\" class=\"yoast-schema-graph\">{\"@context\":\"https:\/\/schema.org\",\"@graph\":[{\"@type\":\"WebPage\",\"@id\":\"https:\/\/xfinformatique.fr\/contact\/\",\"url\":\"https:\/\/xfinformatique.fr\/contact\/\",\"name\":\"XF Informatique - D\u00e9pannage informatique sur site ou \u00e0 distance\",\"isPartOf\":{\"@id\":\"https:\/\/xfinformatique.fr\/#website\"},\"datePublished\":\"2016-07-11T09:36:52+00:00\",\"dateModified\":\"2022-07-18T21:21:53+00:00\",\"description\":\"D\u00e9pannage informatique : Installation, optimisation, conseils et formations informatiques personnalis\u00e9es sur site ou \u00e0 distance.\",\"breadcrumb\":{\"@id\":\"https:\/\/xfinformatique.fr\/contact\/#breadcrumb\"},\"inLanguage\":\"en-GB\",\"potentialAction\":[{\"@type\":\"ReadAction\",\"target\":[\"https:\/\/xfinformatique.fr\/contact\/\"]}]},{\"@type\":\"BreadcrumbList\",\"@id\":\"https:\/\/xfinformatique.fr\/contact\/#breadcrumb\",\"itemListElement\":[{\"@type\":\"ListItem\",\"position\":1,\"name\":\"Accueil\",\"item\":\"https:\/\/xfinformatique.fr\/\"},{\"@type\":\"ListItem\",\"position\":2,\"name\":\"Contact\"}]},{\"@type\":\"WebSite\",\"@id\":\"https:\/\/xfinformatique.fr\/#website\",\"url\":\"https:\/\/xfinformatique.fr\/\",\"name\":\"XF Informatique\",\"description\":\"conseils, d\u00e9pannages, formations personnalis\u00e9es\",\"publisher\":{\"@id\":\"https:\/\/xfinformatique.fr\/#organization\"},\"potentialAction\":[{\"@type\":\"SearchAction\",\"target\":{\"@type\":\"EntryPoint\",\"urlTemplate\":\"https:\/\/xfinformatique.fr\/?s={search_term_string}\"},\"query-input\":{\"@type\":\"PropertyValueSpecification\",\"valueRequired\":true,\"valueName\":\"search_term_string\"}}],\"inLanguage\":\"en-GB\"},{\"@type\":\"Organization\",\"@id\":\"https:\/\/xfinformatique.fr\/#organization\",\"name\":\"XF Informatique\",\"url\":\"https:\/\/xfinformatique.fr\/\",\"logo\":{\"@type\":\"ImageObject\",\"inLanguage\":\"en-GB\",\"@id\":\"https:\/\/xfinformatique.fr\/#\/schema\/logo\/image\/\",\"url\":\"https:\/\/xfinformatique.fr\/wp-content\/uploads\/2017\/01\/XFI.png\",\"contentUrl\":\"https:\/\/xfinformatique.fr\/wp-content\/uploads\/2017\/01\/XFI.png\",\"width\":512,\"height\":512,\"caption\":\"XF Informatique\"},\"image\":{\"@id\":\"https:\/\/xfinformatique.fr\/#\/schema\/logo\/image\/\"},\"sameAs\":[\"https:\/\/www.facebook.com\/xfinformatique\/\"]}]}<\/script>\n<!-- \/ Yoast SEO plugin. -->","yoast_head_json":{"title":"XF Informatique - D\u00e9pannage informatique sur site ou \u00e0 distance","description":"D\u00e9pannage informatique : Installation, optimisation, conseils et formations informatiques personnalis\u00e9es sur site ou \u00e0 distance.","robots":{"index":"index","follow":"follow","max-snippet":"max-snippet:-1","max-image-preview":"max-image-preview:large","max-video-preview":"max-video-preview:-1"},"canonical":"https:\/\/xfinformatique.fr\/en\/contact\/","og_locale":"en_GB","og_type":"article","og_title":"XF Informatique - D\u00e9pannage informatique sur site ou \u00e0 distance","og_description":"D\u00e9pannage informatique : Installation, optimisation, conseils et formations informatiques personnalis\u00e9es sur site ou \u00e0 distance.","og_url":"https:\/\/xfinformatique.fr\/en\/contact\/","og_site_name":"XF Informatique","article_publisher":"https:\/\/www.facebook.com\/xfinformatique\/","article_modified_time":"2022-07-18T21:21:53+00:00","twitter_card":"summary_large_image","schema":{"@context":"https:\/\/schema.org","@graph":[{"@type":"WebPage","@id":"https:\/\/xfinformatique.fr\/contact\/","url":"https:\/\/xfinformatique.fr\/contact\/","name":"XF Informatique - D\u00e9pannage informatique sur site ou \u00e0 distance","isPartOf":{"@id":"https:\/\/xfinformatique.fr\/#website"},"datePublished":"2016-07-11T09:36:52+00:00","dateModified":"2022-07-18T21:21:53+00:00","description":"D\u00e9pannage informatique : Installation, optimisation, conseils et formations informatiques personnalis\u00e9es sur site ou \u00e0 distance.","breadcrumb":{"@id":"https:\/\/xfinformatique.fr\/contact\/#breadcrumb"},"inLanguage":"en-GB","potentialAction":[{"@type":"ReadAction","target":["https:\/\/xfinformatique.fr\/contact\/"]}]},{"@type":"BreadcrumbList","@id":"https:\/\/xfinformatique.fr\/contact\/#breadcrumb","itemListElement":[{"@type":"ListItem","position":1,"name":"Accueil","item":"https:\/\/xfinformatique.fr\/"},{"@type":"ListItem","position":2,"name":"Contact"}]},{"@type":"WebSite","@id":"https:\/\/xfinformatique.fr\/#website","url":"https:\/\/xfinformatique.fr\/","name":"XF Informatique","description":"IT advice, Repairs, Tailored training courses","publisher":{"@id":"https:\/\/xfinformatique.fr\/#organization"},"potentialAction":[{"@type":"SearchAction","target":{"@type":"EntryPoint","urlTemplate":"https:\/\/xfinformatique.fr\/?s={search_term_string}"},"query-input":{"@type":"PropertyValueSpecification","valueRequired":true,"valueName":"search_term_string"}}],"inLanguage":"en-GB"},{"@type":"Organization","@id":"https:\/\/xfinformatique.fr\/#organization","name":"XF Informatique","url":"https:\/\/xfinformatique.fr\/","logo":{"@type":"ImageObject","inLanguage":"en-GB","@id":"https:\/\/xfinformatique.fr\/#\/schema\/logo\/image\/","url":"https:\/\/xfinformatique.fr\/wp-content\/uploads\/2017\/01\/XFI.png","contentUrl":"https:\/\/xfinformatique.fr\/wp-content\/uploads\/2017\/01\/XFI.png","width":512,"height":512,"caption":"XF Informatique"},"image":{"@id":"https:\/\/xfinformatique.fr\/#\/schema\/logo\/image\/"},"sameAs":["https:\/\/www.facebook.com\/xfinformatique\/"]}]}},"_links":{"self":[{"href":"https:\/\/xfinformatique.fr\/en\/wp-json\/wp\/v2\/pages\/9","targetHints":{"allow":["GET"]}}],"collection":[{"href":"https:\/\/xfinformatique.fr\/en\/wp-json\/wp\/v2\/pages"}],"about":[{"href":"https:\/\/xfinformatique.fr\/en\/wp-json\/wp\/v2\/types\/page"}],"author":[{"embeddable":true,"href":"https:\/\/xfinformatique.fr\/en\/wp-json\/wp\/v2\/users\/1"}],"replies":[{"embeddable":true,"href":"https:\/\/xfinformatique.fr\/en\/wp-json\/wp\/v2\/comments?post=9"}],"version-history":[{"count":6,"href":"https:\/\/xfinformatique.fr\/en\/wp-json\/wp\/v2\/pages\/9\/revisions"}],"predecessor-version":[{"id":464,"href":"https:\/\/xfinformatique.fr\/en\/wp-json\/wp\/v2\/pages\/9\/revisions\/464"}],"wp:attachment":[{"href":"https:\/\/xfinformatique.fr\/en\/wp-json\/wp\/v2\/media?parent=9"}],"curies":[{"name":"wp","href":"https:\/\/api.w.org\/{rel}","templated":true}]}}