{"id":41,"date":"2017-01-18T01:36:48","date_gmt":"2017-01-18T00:36:48","guid":{"rendered":"http:\/\/xfinformatique.fr\/?page_id=41"},"modified":"2023-07-10T09:18:47","modified_gmt":"2023-07-10T07:18:47","slug":"internet","status":"publish","type":"page","link":"https:\/\/xfinformatique.fr\/en\/internet\/","title":{"rendered":"Internet"},"content":{"rendered":"<h2 class=\"wp-block-heading\">Projets<\/h2>\n\n\n\n<div class=\"wp-block-media-text alignwide is-stacked-on-mobile\"><figure class=\"wp-block-media-text__media\"><img loading=\"lazy\" decoding=\"async\" width=\"1024\" height=\"649\" src=\"https:\/\/xfinformatique.fr\/wp-content\/uploads\/2023\/01\/offiscreen2-1024x649.png\" alt=\"\" class=\"wp-image-576 size-full\" srcset=\"https:\/\/xfinformatique.fr\/wp-content\/uploads\/2023\/01\/offiscreen2-1024x649.png 1024w, https:\/\/xfinformatique.fr\/wp-content\/uploads\/2023\/01\/offiscreen2-300x190.png 300w, https:\/\/xfinformatique.fr\/wp-content\/uploads\/2023\/01\/offiscreen2-768x487.png 768w, https:\/\/xfinformatique.fr\/wp-content\/uploads\/2023\/01\/offiscreen2.png 1379w\" sizes=\"auto, (max-width: 1024px) 100vw, 1024px\" \/><\/figure><div class=\"wp-block-media-text__content\">\n<p>OFFI'CI website : C\u00e9cile IBANEZ, Independant administrative assistant<br><a href=\"https:\/\/offici.fr\">offici.fr \u25e5<\/a><\/p>\n<\/div><\/div>\n\n\n\n<hr class=\"wp-block-separator has-css-opacity\"\/>\n\n\n\n<div class=\"wp-block-media-text alignwide is-stacked-on-mobile\"><figure class=\"wp-block-media-text__media\"><img loading=\"lazy\" decoding=\"async\" width=\"1024\" height=\"594\" src=\"https:\/\/xfinformatique.fr\/wp-content\/uploads\/2022\/09\/screenshot_mv-1024x594.png\" alt=\"\" class=\"wp-image-560 size-full\" srcset=\"https:\/\/xfinformatique.fr\/wp-content\/uploads\/2022\/09\/screenshot_mv-1024x594.png 1024w, https:\/\/xfinformatique.fr\/wp-content\/uploads\/2022\/09\/screenshot_mv-300x174.png 300w, https:\/\/xfinformatique.fr\/wp-content\/uploads\/2022\/09\/screenshot_mv-768x446.png 768w, https:\/\/xfinformatique.fr\/wp-content\/uploads\/2022\/09\/screenshot_mv-1536x891.png 1536w, https:\/\/xfinformatique.fr\/wp-content\/uploads\/2022\/09\/screenshot_mv.png 1648w\" sizes=\"auto, (max-width: 1024px) 100vw, 1024px\" \/><\/figure><div class=\"wp-block-media-text__content\">\n<p>Association M\u00e9moire Vive, Lacapelle-Biron<br><a href=\"https:\/\/memoire-vive47.fr\/\">memoire-vive47.fr \u25e5<\/a><\/p>\n<\/div><\/div>\n\n\n\n<hr class=\"wp-block-separator has-css-opacity\"\/>\n\n\n\n<div class=\"wp-block-media-text alignwide is-stacked-on-mobile\"><figure class=\"wp-block-media-text__media\"><img loading=\"lazy\" decoding=\"async\" width=\"1024\" height=\"529\" src=\"https:\/\/xfinformatique.fr\/wp-content\/uploads\/2019\/09\/screenshot-1024x529.jpg\" alt=\"\" class=\"wp-image-269 size-full\" srcset=\"https:\/\/xfinformatique.fr\/wp-content\/uploads\/2019\/09\/screenshot-1024x529.jpg 1024w, https:\/\/xfinformatique.fr\/wp-content\/uploads\/2019\/09\/screenshot-600x310.jpg 600w, https:\/\/xfinformatique.fr\/wp-content\/uploads\/2019\/09\/screenshot-300x155.jpg 300w, https:\/\/xfinformatique.fr\/wp-content\/uploads\/2019\/09\/screenshot-768x397.jpg 768w, https:\/\/xfinformatique.fr\/wp-content\/uploads\/2019\/09\/screenshot.jpg 1878w\" sizes=\"auto, (max-width: 1024px) 100vw, 1024px\" \/><\/figure><div class=\"wp-block-media-text__content\">\n<p>Clairac BD festival's website<br><a href=\"https:\/\/clairacbd.fr\/\">clairacbd.fr \u25e5<\/a><\/p>\n<\/div><\/div>\n\n\n\n<hr class=\"wp-block-separator has-css-opacity\"\/>\n\n\n\n<div class=\"wp-block-media-text alignwide is-stacked-on-mobile\"><figure class=\"wp-block-media-text__media\"><img loading=\"lazy\" decoding=\"async\" width=\"912\" height=\"589\" src=\"https:\/\/xfinformatique.fr\/wp-content\/uploads\/2019\/02\/effetm.png\" alt=\"\" class=\"wp-image-249 size-full\" srcset=\"https:\/\/xfinformatique.fr\/wp-content\/uploads\/2019\/02\/effetm.png 912w, https:\/\/xfinformatique.fr\/wp-content\/uploads\/2019\/02\/effetm-600x388.png 600w, https:\/\/xfinformatique.fr\/wp-content\/uploads\/2019\/02\/effetm-300x194.png 300w, https:\/\/xfinformatique.fr\/wp-content\/uploads\/2019\/02\/effetm-768x496.png 768w\" sizes=\"auto, (max-width: 912px) 100vw, 912px\" \/><\/figure><div class=\"wp-block-media-text__content\">\n<p>L'Effet Maison restaurant website<br>25 Place des Arcades, 47150 Monflanquin<br><a href=\"https:\/\/leffetmaison.com\">leffetmaison.com \u25e5<\/a><\/p>\n<\/div><\/div>\n\n\n\n<hr class=\"wp-block-separator has-css-opacity\"\/>\n\n\n\n<div class=\"wp-block-media-text alignwide is-stacked-on-mobile\"><figure class=\"wp-block-media-text__media\"><img loading=\"lazy\" decoding=\"async\" width=\"1024\" height=\"525\" src=\"https:\/\/xfinformatique.fr\/wp-content\/uploads\/2017\/05\/inde_accueil-1024x525.png\" alt=\"\" class=\"wp-image-137 size-full\" srcset=\"https:\/\/xfinformatique.fr\/wp-content\/uploads\/2017\/05\/inde_accueil-1024x525.png 1024w, https:\/\/xfinformatique.fr\/wp-content\/uploads\/2017\/05\/inde_accueil-600x308.png 600w, https:\/\/xfinformatique.fr\/wp-content\/uploads\/2017\/05\/inde_accueil-300x154.png 300w, https:\/\/xfinformatique.fr\/wp-content\/uploads\/2017\/05\/inde_accueil-768x394.png 768w, https:\/\/xfinformatique.fr\/wp-content\/uploads\/2017\/05\/inde_accueil.png 1897w\" sizes=\"auto, (max-width: 1024px) 100vw, 1024px\" \/><\/figure><div class=\"wp-block-media-text__content\">\n<p>L\u2019IND\u00c9(pendant) microbrewery bar restaurant<br>Visuals by Elodie Picquet<br><a href=\"https:\/\/inde-agen.com\">inde-agen.com \u25e5<\/a><\/p>\n<\/div><\/div>\n\n\n\n<hr class=\"wp-block-separator has-css-opacity\"\/>\n\n\n\n<div class=\"wp-block-media-text alignwide is-stacked-on-mobile\"><figure class=\"wp-block-media-text__media\"><img loading=\"lazy\" decoding=\"async\" width=\"1000\" height=\"508\" src=\"https:\/\/xfinformatique.fr\/wp-content\/uploads\/2019\/05\/screen.jpg\" alt=\"\" class=\"wp-image-258 size-full\" srcset=\"https:\/\/xfinformatique.fr\/wp-content\/uploads\/2019\/05\/screen.jpg 1000w, https:\/\/xfinformatique.fr\/wp-content\/uploads\/2019\/05\/screen-600x305.jpg 600w, https:\/\/xfinformatique.fr\/wp-content\/uploads\/2019\/05\/screen-300x152.jpg 300w, https:\/\/xfinformatique.fr\/wp-content\/uploads\/2019\/05\/screen-768x390.jpg 768w\" sizes=\"auto, (max-width: 1000px) 100vw, 1000px\" \/><\/figure><div class=\"wp-block-media-text__content\">\n<p>Family estate located in the heart of Gascony where since 1863, six generations of winegrowers have worked to produce magical wines with deep respect for the environment.<\/p>\n<\/div><\/div>\n\n\n\n<hr class=\"wp-block-separator has-css-opacity\"\/>\n\n\n\n<div class=\"wp-block-media-text alignwide is-stacked-on-mobile\"><figure class=\"wp-block-media-text__media\"><img loading=\"lazy\" decoding=\"async\" width=\"1024\" height=\"520\" src=\"https:\/\/xfinformatique.fr\/wp-content\/uploads\/2018\/10\/mitchs-1024x520.png\" alt=\"\" class=\"wp-image-149 size-full\" srcset=\"https:\/\/xfinformatique.fr\/wp-content\/uploads\/2018\/10\/mitchs-1024x520.png 1024w, https:\/\/xfinformatique.fr\/wp-content\/uploads\/2018\/10\/mitchs-600x305.png 600w, https:\/\/xfinformatique.fr\/wp-content\/uploads\/2018\/10\/mitchs-300x152.png 300w, https:\/\/xfinformatique.fr\/wp-content\/uploads\/2018\/10\/mitchs-768x390.png 768w, https:\/\/xfinformatique.fr\/wp-content\/uploads\/2018\/10\/mitchs.png 1138w\" sizes=\"auto, (max-width: 1024px) 100vw, 1024px\" \/><\/figure><div class=\"wp-block-media-text__content\">\n<p>Rock&rsquo;n&rsquo;Roll &amp; Surf Music.<\/p>\n<\/div><\/div>\n\n\n\n<hr class=\"wp-block-separator has-css-opacity\"\/>\n\n\n\n<div class=\"wp-block-media-text alignwide is-stacked-on-mobile\"><figure class=\"wp-block-media-text__media\"><img loading=\"lazy\" decoding=\"async\" width=\"1024\" height=\"561\" src=\"https:\/\/xfinformatique.fr\/wp-content\/uploads\/2019\/07\/golf_screen-1024x561.png\" alt=\"\" class=\"wp-image-264 size-full\" srcset=\"https:\/\/xfinformatique.fr\/wp-content\/uploads\/2019\/07\/golf_screen-1024x561.png 1024w, https:\/\/xfinformatique.fr\/wp-content\/uploads\/2019\/07\/golf_screen-600x329.png 600w, https:\/\/xfinformatique.fr\/wp-content\/uploads\/2019\/07\/golf_screen-300x164.png 300w, https:\/\/xfinformatique.fr\/wp-content\/uploads\/2019\/07\/golf_screen-768x421.png 768w, https:\/\/xfinformatique.fr\/wp-content\/uploads\/2019\/07\/golf_screen.png 1716w\" sizes=\"auto, (max-width: 1024px) 100vw, 1024px\" \/><\/figure><div class=\"wp-block-media-text__content\">\n<p> Agen Bon-Encontre's Golf website<\/p>\n<\/div><\/div>\n\n\n\n<hr class=\"wp-block-separator has-css-opacity\"\/>\n\n\n\n<div class=\"wp-block-media-text alignwide is-stacked-on-mobile\"><figure class=\"wp-block-media-text__media\"><img loading=\"lazy\" decoding=\"async\" width=\"1024\" height=\"523\" src=\"https:\/\/xfinformatique.fr\/wp-content\/uploads\/2017\/05\/accueil1-1-1024x523.png\" alt=\"Radio City\" class=\"wp-image-139 size-full\" srcset=\"https:\/\/xfinformatique.fr\/wp-content\/uploads\/2017\/05\/accueil1-1-1024x523.png 1024w, https:\/\/xfinformatique.fr\/wp-content\/uploads\/2017\/05\/accueil1-1-600x306.png 600w, https:\/\/xfinformatique.fr\/wp-content\/uploads\/2017\/05\/accueil1-1-300x153.png 300w, https:\/\/xfinformatique.fr\/wp-content\/uploads\/2017\/05\/accueil1-1-768x392.png 768w, https:\/\/xfinformatique.fr\/wp-content\/uploads\/2017\/05\/accueil1-1.png 1904w\" sizes=\"auto, (max-width: 1024px) 100vw, 1024px\" \/><\/figure><div class=\"wp-block-media-text__content\">\n<p>Radio City Caf\u00e9 website<br>Visuals by Elodie Picquet<\/p>\n<\/div><\/div>\n\n\n\n<hr class=\"wp-block-separator has-css-opacity\"\/>\n\n\n\n<div class=\"wp-block-media-text alignwide is-stacked-on-mobile\"><figure class=\"wp-block-media-text__media\"><img loading=\"lazy\" decoding=\"async\" width=\"1024\" height=\"521\" src=\"https:\/\/xfinformatique.fr\/wp-content\/uploads\/2017\/05\/accueil_torres-1024x521.png\" alt=\"\" class=\"wp-image-140 size-full\" srcset=\"https:\/\/xfinformatique.fr\/wp-content\/uploads\/2017\/05\/accueil_torres-1024x521.png 1024w, https:\/\/xfinformatique.fr\/wp-content\/uploads\/2017\/05\/accueil_torres-600x305.png 600w, https:\/\/xfinformatique.fr\/wp-content\/uploads\/2017\/05\/accueil_torres-300x153.png 300w, https:\/\/xfinformatique.fr\/wp-content\/uploads\/2017\/05\/accueil_torres-768x391.png 768w, https:\/\/xfinformatique.fr\/wp-content\/uploads\/2017\/05\/accueil_torres.png 1902w\" sizes=\"auto, (max-width: 1024px) 100vw, 1024px\" \/><\/figure><div class=\"wp-block-media-text__content\">\n<p>Maison Torres website <br>Visuals by Elodie Picquet<\/p>\n<\/div><\/div>\n\n\n\n<hr class=\"wp-block-separator has-css-opacity\"\/>\n\n\n\n<div class=\"wp-block-media-text alignwide is-stacked-on-mobile\"><figure class=\"wp-block-media-text__media\"><img loading=\"lazy\" decoding=\"async\" width=\"1024\" height=\"521\" src=\"https:\/\/xfinformatique.fr\/wp-content\/uploads\/2017\/05\/inscription1-1024x521.png\" alt=\"\" class=\"wp-image-141 size-full\" srcset=\"https:\/\/xfinformatique.fr\/wp-content\/uploads\/2017\/05\/inscription1-1024x521.png 1024w, https:\/\/xfinformatique.fr\/wp-content\/uploads\/2017\/05\/inscription1-600x305.png 600w, https:\/\/xfinformatique.fr\/wp-content\/uploads\/2017\/05\/inscription1-300x153.png 300w, https:\/\/xfinformatique.fr\/wp-content\/uploads\/2017\/05\/inscription1-768x390.png 768w, https:\/\/xfinformatique.fr\/wp-content\/uploads\/2017\/05\/inscription1.png 1904w\" sizes=\"auto, (max-width: 1024px) 100vw, 1024px\" \/><\/figure><div class=\"wp-block-media-text__content\">\n<p>Compact site intended to present the program of a conference and manage registrations.<br>Visuals by Elodie Picquet<br><\/p>\n<\/div><\/div>\n\n\n\n<hr class=\"wp-block-separator has-css-opacity\"\/>\n\n\n\n<div class=\"wp-block-media-text alignwide is-stacked-on-mobile\"><figure class=\"wp-block-media-text__media\"><img loading=\"lazy\" decoding=\"async\" width=\"1024\" height=\"510\" src=\"https:\/\/xfinformatique.fr\/wp-content\/uploads\/2017\/05\/accueil1-1024x510.png\" alt=\"Minima Social Club\" class=\"wp-image-138 size-full\" srcset=\"https:\/\/xfinformatique.fr\/wp-content\/uploads\/2017\/05\/accueil1-1024x510.png 1024w, https:\/\/xfinformatique.fr\/wp-content\/uploads\/2017\/05\/accueil1-600x299.png 600w, https:\/\/xfinformatique.fr\/wp-content\/uploads\/2017\/05\/accueil1-300x150.png 300w, https:\/\/xfinformatique.fr\/wp-content\/uploads\/2017\/05\/accueil1-768x383.png 768w, https:\/\/xfinformatique.fr\/wp-content\/uploads\/2017\/05\/accueil1.png 1902w\" sizes=\"auto, (max-width: 1024px) 100vw, 1024px\" \/><\/figure><div class=\"wp-block-media-text__content\">\n<p>Minima Social Club band website <br>Un son forg\u00e9 \u00e0 travers les contr\u00e9es du rock des ann\u00e9es 50, de la musique surf, du gospel, des mauvaises mani\u00e8res irlandaises et des vastes plaines du grand ouest sauvage. Sur sc\u00e8ne, contrebasse, harmonica, saxophone et guitares m\u00e8nent un train d\u2019enfer et distillent une musique \u00e0 l\u2019\u00e9nergie communicative<\/p>\n<\/div><\/div>\n\n\n<hr>\n<h3>Contact for a quote or more information <img loading=\"lazy\" decoding=\"async\" class=\"alignnone size-full wp-image-54\" src=\"http:\/\/xfinformatique.fr\/wp-content\/uploads\/2017\/01\/tel.png\" alt=\"Tel\" width=\"35\" height=\"35\">&nbsp;06 95 48 42 49<\/h3>","protected":false},"excerpt":{"rendered":"<p>Projets Site d&rsquo;OFFI&rsquo;CI, C\u00e9cile IBANEZ, Assistante Administrative Ind\u00e9pendante.offici.fr \u25e5 Site de l&rsquo;association M\u00e9moire Vive de Lacapelle-Biron.memoire-vive47.fr \u25e5 Site du Festival de BD de Clairac.clairacbd.fr \u25e5 Restaurant traditionnel travaillant une cuisine de saison avec des produits frais de producteurs locaux.25 Place des Arcades, 47150 Monflanquinleffetmaison.com \u25e5 L\u2019IND\u00c9(pendant) est une microbrasserie hors du commun de par ses [&hellip;]<\/p>\n","protected":false},"author":1,"featured_media":124,"parent":0,"menu_order":0,"comment_status":"closed","ping_status":"closed","template":"","meta":{"footnotes":""},"class_list":["post-41","page","type-page","status-publish","has-post-thumbnail","czr-hentry"],"yoast_head":"<!-- This site is optimized with the Yoast SEO plugin v27.2 - https:\/\/yoast.com\/product\/yoast-seo-wordpress\/ -->\n<title>XF Informatique - D\u00e9pannage informatique sur site ou \u00e0 distance<\/title>\n<meta name=\"description\" content=\"D\u00e9pannage informatique : Installation, optimisation, conseils et formations informatiques personnalis\u00e9es sur site ou \u00e0 distance\" \/>\n<meta name=\"robots\" content=\"index, follow, max-snippet:-1, max-image-preview:large, max-video-preview:-1\" \/>\n<link rel=\"canonical\" href=\"https:\/\/xfinformatique.fr\/en\/internet\/\" \/>\n<meta property=\"og:locale\" content=\"en_GB\" \/>\n<meta property=\"og:type\" content=\"article\" \/>\n<meta property=\"og:title\" content=\"XF Informatique - D\u00e9pannage informatique sur site ou \u00e0 distance\" \/>\n<meta property=\"og:description\" content=\"D\u00e9pannage informatique : Installation, optimisation, conseils et formations informatiques personnalis\u00e9es sur site ou \u00e0 distance\" \/>\n<meta property=\"og:url\" content=\"https:\/\/xfinformatique.fr\/en\/internet\/\" \/>\n<meta property=\"og:site_name\" content=\"XF Informatique\" \/>\n<meta property=\"article:publisher\" content=\"https:\/\/www.facebook.com\/xfinformatique\/\" \/>\n<meta property=\"article:modified_time\" content=\"2023-07-10T07:18:47+00:00\" \/>\n<meta property=\"og:image\" content=\"https:\/\/xfinformatique.fr\/wp-content\/uploads\/2017\/05\/web.png\" \/>\n\t<meta property=\"og:image:width\" content=\"270\" \/>\n\t<meta property=\"og:image:height\" content=\"250\" \/>\n\t<meta property=\"og:image:type\" content=\"image\/png\" \/>\n<meta name=\"twitter:card\" content=\"summary_large_image\" \/>\n<meta name=\"twitter:label1\" content=\"Estimated reading time\" \/>\n\t<meta name=\"twitter:data1\" content=\"5 minutes\" \/>\n<script type=\"application\/ld+json\" class=\"yoast-schema-graph\">{\"@context\":\"https:\/\/schema.org\",\"@graph\":[{\"@type\":\"WebPage\",\"@id\":\"https:\/\/xfinformatique.fr\/internet\/\",\"url\":\"https:\/\/xfinformatique.fr\/internet\/\",\"name\":\"XF Informatique - D\u00e9pannage informatique sur site ou \u00e0 distance\",\"isPartOf\":{\"@id\":\"https:\/\/xfinformatique.fr\/#website\"},\"primaryImageOfPage\":{\"@id\":\"https:\/\/xfinformatique.fr\/internet\/#primaryimage\"},\"image\":{\"@id\":\"https:\/\/xfinformatique.fr\/internet\/#primaryimage\"},\"thumbnailUrl\":\"https:\/\/xfinformatique.fr\/wp-content\/uploads\/2017\/05\/web.png\",\"datePublished\":\"2017-01-18T00:36:48+00:00\",\"dateModified\":\"2023-07-10T07:18:47+00:00\",\"description\":\"D\u00e9pannage informatique : Installation, optimisation, conseils et formations informatiques personnalis\u00e9es sur site ou \u00e0 distance\",\"breadcrumb\":{\"@id\":\"https:\/\/xfinformatique.fr\/internet\/#breadcrumb\"},\"inLanguage\":\"en-GB\",\"potentialAction\":[{\"@type\":\"ReadAction\",\"target\":[\"https:\/\/xfinformatique.fr\/internet\/\"]}]},{\"@type\":\"ImageObject\",\"inLanguage\":\"en-GB\",\"@id\":\"https:\/\/xfinformatique.fr\/internet\/#primaryimage\",\"url\":\"https:\/\/xfinformatique.fr\/wp-content\/uploads\/2017\/05\/web.png\",\"contentUrl\":\"https:\/\/xfinformatique.fr\/wp-content\/uploads\/2017\/05\/web.png\",\"width\":270,\"height\":250},{\"@type\":\"BreadcrumbList\",\"@id\":\"https:\/\/xfinformatique.fr\/internet\/#breadcrumb\",\"itemListElement\":[{\"@type\":\"ListItem\",\"position\":1,\"name\":\"Accueil\",\"item\":\"https:\/\/xfinformatique.fr\/\"},{\"@type\":\"ListItem\",\"position\":2,\"name\":\"Internet\"}]},{\"@type\":\"WebSite\",\"@id\":\"https:\/\/xfinformatique.fr\/#website\",\"url\":\"https:\/\/xfinformatique.fr\/\",\"name\":\"XF Informatique\",\"description\":\"conseils, d\u00e9pannages, formations personnalis\u00e9es\",\"publisher\":{\"@id\":\"https:\/\/xfinformatique.fr\/#organization\"},\"potentialAction\":[{\"@type\":\"SearchAction\",\"target\":{\"@type\":\"EntryPoint\",\"urlTemplate\":\"https:\/\/xfinformatique.fr\/?s={search_term_string}\"},\"query-input\":{\"@type\":\"PropertyValueSpecification\",\"valueRequired\":true,\"valueName\":\"search_term_string\"}}],\"inLanguage\":\"en-GB\"},{\"@type\":\"Organization\",\"@id\":\"https:\/\/xfinformatique.fr\/#organization\",\"name\":\"XF Informatique\",\"url\":\"https:\/\/xfinformatique.fr\/\",\"logo\":{\"@type\":\"ImageObject\",\"inLanguage\":\"en-GB\",\"@id\":\"https:\/\/xfinformatique.fr\/#\/schema\/logo\/image\/\",\"url\":\"https:\/\/xfinformatique.fr\/wp-content\/uploads\/2017\/01\/XFI.png\",\"contentUrl\":\"https:\/\/xfinformatique.fr\/wp-content\/uploads\/2017\/01\/XFI.png\",\"width\":512,\"height\":512,\"caption\":\"XF Informatique\"},\"image\":{\"@id\":\"https:\/\/xfinformatique.fr\/#\/schema\/logo\/image\/\"},\"sameAs\":[\"https:\/\/www.facebook.com\/xfinformatique\/\"]}]}<\/script>\n<!-- \/ Yoast SEO plugin. -->","yoast_head_json":{"title":"XF Informatique - D\u00e9pannage informatique sur site ou \u00e0 distance","description":"D\u00e9pannage informatique : Installation, optimisation, conseils et formations informatiques personnalis\u00e9es sur site ou \u00e0 distance","robots":{"index":"index","follow":"follow","max-snippet":"max-snippet:-1","max-image-preview":"max-image-preview:large","max-video-preview":"max-video-preview:-1"},"canonical":"https:\/\/xfinformatique.fr\/en\/internet\/","og_locale":"en_GB","og_type":"article","og_title":"XF Informatique - D\u00e9pannage informatique sur site ou \u00e0 distance","og_description":"D\u00e9pannage informatique : Installation, optimisation, conseils et formations informatiques personnalis\u00e9es sur site ou \u00e0 distance","og_url":"https:\/\/xfinformatique.fr\/en\/internet\/","og_site_name":"XF Informatique","article_publisher":"https:\/\/www.facebook.com\/xfinformatique\/","article_modified_time":"2023-07-10T07:18:47+00:00","og_image":[{"width":270,"height":250,"url":"https:\/\/xfinformatique.fr\/wp-content\/uploads\/2017\/05\/web.png","type":"image\/png"}],"twitter_card":"summary_large_image","twitter_misc":{"Estimated reading time":"5 minutes"},"schema":{"@context":"https:\/\/schema.org","@graph":[{"@type":"WebPage","@id":"https:\/\/xfinformatique.fr\/internet\/","url":"https:\/\/xfinformatique.fr\/internet\/","name":"XF Informatique - D\u00e9pannage informatique sur site ou \u00e0 distance","isPartOf":{"@id":"https:\/\/xfinformatique.fr\/#website"},"primaryImageOfPage":{"@id":"https:\/\/xfinformatique.fr\/internet\/#primaryimage"},"image":{"@id":"https:\/\/xfinformatique.fr\/internet\/#primaryimage"},"thumbnailUrl":"https:\/\/xfinformatique.fr\/wp-content\/uploads\/2017\/05\/web.png","datePublished":"2017-01-18T00:36:48+00:00","dateModified":"2023-07-10T07:18:47+00:00","description":"D\u00e9pannage informatique : Installation, optimisation, conseils et formations informatiques personnalis\u00e9es sur site ou \u00e0 distance","breadcrumb":{"@id":"https:\/\/xfinformatique.fr\/internet\/#breadcrumb"},"inLanguage":"en-GB","potentialAction":[{"@type":"ReadAction","target":["https:\/\/xfinformatique.fr\/internet\/"]}]},{"@type":"ImageObject","inLanguage":"en-GB","@id":"https:\/\/xfinformatique.fr\/internet\/#primaryimage","url":"https:\/\/xfinformatique.fr\/wp-content\/uploads\/2017\/05\/web.png","contentUrl":"https:\/\/xfinformatique.fr\/wp-content\/uploads\/2017\/05\/web.png","width":270,"height":250},{"@type":"BreadcrumbList","@id":"https:\/\/xfinformatique.fr\/internet\/#breadcrumb","itemListElement":[{"@type":"ListItem","position":1,"name":"Accueil","item":"https:\/\/xfinformatique.fr\/"},{"@type":"ListItem","position":2,"name":"Internet"}]},{"@type":"WebSite","@id":"https:\/\/xfinformatique.fr\/#website","url":"https:\/\/xfinformatique.fr\/","name":"XF Informatique","description":"IT advice, Repairs, Tailored training courses","publisher":{"@id":"https:\/\/xfinformatique.fr\/#organization"},"potentialAction":[{"@type":"SearchAction","target":{"@type":"EntryPoint","urlTemplate":"https:\/\/xfinformatique.fr\/?s={search_term_string}"},"query-input":{"@type":"PropertyValueSpecification","valueRequired":true,"valueName":"search_term_string"}}],"inLanguage":"en-GB"},{"@type":"Organization","@id":"https:\/\/xfinformatique.fr\/#organization","name":"XF Informatique","url":"https:\/\/xfinformatique.fr\/","logo":{"@type":"ImageObject","inLanguage":"en-GB","@id":"https:\/\/xfinformatique.fr\/#\/schema\/logo\/image\/","url":"https:\/\/xfinformatique.fr\/wp-content\/uploads\/2017\/01\/XFI.png","contentUrl":"https:\/\/xfinformatique.fr\/wp-content\/uploads\/2017\/01\/XFI.png","width":512,"height":512,"caption":"XF Informatique"},"image":{"@id":"https:\/\/xfinformatique.fr\/#\/schema\/logo\/image\/"},"sameAs":["https:\/\/www.facebook.com\/xfinformatique\/"]}]}},"_links":{"self":[{"href":"https:\/\/xfinformatique.fr\/en\/wp-json\/wp\/v2\/pages\/41","targetHints":{"allow":["GET"]}}],"collection":[{"href":"https:\/\/xfinformatique.fr\/en\/wp-json\/wp\/v2\/pages"}],"about":[{"href":"https:\/\/xfinformatique.fr\/en\/wp-json\/wp\/v2\/types\/page"}],"author":[{"embeddable":true,"href":"https:\/\/xfinformatique.fr\/en\/wp-json\/wp\/v2\/users\/1"}],"replies":[{"embeddable":true,"href":"https:\/\/xfinformatique.fr\/en\/wp-json\/wp\/v2\/comments?post=41"}],"version-history":[{"count":69,"href":"https:\/\/xfinformatique.fr\/en\/wp-json\/wp\/v2\/pages\/41\/revisions"}],"predecessor-version":[{"id":585,"href":"https:\/\/xfinformatique.fr\/en\/wp-json\/wp\/v2\/pages\/41\/revisions\/585"}],"wp:featuredmedia":[{"embeddable":true,"href":"https:\/\/xfinformatique.fr\/en\/wp-json\/wp\/v2\/media\/124"}],"wp:attachment":[{"href":"https:\/\/xfinformatique.fr\/en\/wp-json\/wp\/v2\/media?parent=41"}],"curies":[{"name":"wp","href":"https:\/\/api.w.org\/{rel}","templated":true}]}}