{"id":39,"date":"2017-01-18T01:36:16","date_gmt":"2017-01-18T00:36:16","guid":{"rendered":"http:\/\/xfinformatique.fr\/?page_id=39"},"modified":"2025-06-07T18:42:36","modified_gmt":"2025-06-07T16:42:36","slug":"formation","status":"publish","type":"page","link":"https:\/\/xfinformatique.fr\/en\/formation\/","title":{"rendered":"Training courses"},"content":{"rendered":"<h3><em><img loading=\"lazy\" decoding=\"async\" class=\"alignnone wp-image-46 size-full\" src=\"http:\/\/xfinformatique.fr\/wp-content\/uploads\/2019\/01\/livre2.png\" alt=\"livre\" width=\"35\" height=\"35\" \/> Support and advice<\/em><\/h3>\n<ul>\n<li>Understanding computer &amp; accessories (printer, speakers, camera...)<\/li>\n<li>Getting familiar with operating system &amp; main softwares<\/li>\n<li>Conduct internet searches &amp; Identify fraudulent websites<\/li>\n<li>Using email<\/li>\n<li>Communiquer (Emails, R\u00e9seaux sociaux, Teams&#8230;)<\/li>\n<li>Shopping online safely<\/li>\n<li>Online administration (forms, applications etc)<\/li>\n<\/ul>\n<p>Training courses are not limited to the main themes above but cover a wide range of skills and are entirely focused on your needs and expectations.<\/p>\n<hr \/>\n<p><img loading=\"lazy\" decoding=\"async\" class=\"alignnone size-full wp-image-58\" src=\"http:\/\/xfinformatique.fr\/wp-content\/uploads\/2017\/01\/voiture-e1484706415879.png\" alt=\"Voiture\" width=\"60\" height=\"60\" \/> No call-out fee for Monflanquin (47150)<\/p>\n<h3><img loading=\"lazy\" decoding=\"async\" class=\"alignnone size-full wp-image-54\" src=\"http:\/\/xfinformatique.fr\/wp-content\/uploads\/2017\/01\/tel.png\" alt=\"Tel\" width=\"35\" height=\"35\" \/>\u00a006 95 48 42 49<\/h3>","protected":false},"excerpt":{"rendered":"<p>Accompagnement et conseils Fonctionnement de l&rsquo;ordinateur, des p\u00e9riph\u00e9riques (imprimante, webcam&#8230;) Familiarisation avec le syst\u00e8me d&rsquo;exploitation, les logiciels principaux Faire une recherche pertinente sur internet, reconna\u00eetre des sites frauduleux G\u00e9rer sa messagerie (envoi, r\u00e9ception, tri, contacts) Communiquer (Emails, R\u00e9seaux sociaux, Teams&#8230;) Acheter sur internet en s\u00e9curit\u00e9 D\u00e9marches administratives en ligne Les formations ne se limitent pas [&hellip;]<\/p>\n","protected":false},"author":1,"featured_media":123,"parent":0,"menu_order":0,"comment_status":"closed","ping_status":"closed","template":"","meta":{"footnotes":""},"class_list":["post-39","page","type-page","status-publish","has-post-thumbnail","czr-hentry"],"yoast_head":"<!-- This site is optimized with the Yoast SEO plugin v27.2 - https:\/\/yoast.com\/product\/yoast-seo-wordpress\/ -->\n<title>XF Informatique - D\u00e9pannage informatique sur site ou \u00e0 distance<\/title>\n<meta name=\"description\" content=\"Formation informatique : Installation, optimisation, conseils et formations informatiques personnalis\u00e9es sur site ou \u00e0 distance\" \/>\n<meta name=\"robots\" content=\"index, follow, max-snippet:-1, max-image-preview:large, max-video-preview:-1\" \/>\n<link rel=\"canonical\" href=\"https:\/\/xfinformatique.fr\/en\/formation\/\" \/>\n<meta property=\"og:locale\" content=\"en_GB\" \/>\n<meta property=\"og:type\" content=\"article\" \/>\n<meta property=\"og:title\" content=\"XF Informatique - D\u00e9pannage informatique sur site ou \u00e0 distance\" \/>\n<meta property=\"og:description\" content=\"Formation informatique : Installation, optimisation, conseils et formations informatiques personnalis\u00e9es sur site ou \u00e0 distance\" \/>\n<meta property=\"og:url\" content=\"https:\/\/xfinformatique.fr\/en\/formation\/\" \/>\n<meta property=\"og:site_name\" content=\"XF Informatique\" \/>\n<meta property=\"article:publisher\" content=\"https:\/\/www.facebook.com\/xfinformatique\/\" \/>\n<meta property=\"article:modified_time\" content=\"2025-06-07T16:42:36+00:00\" \/>\n<meta property=\"og:image\" content=\"https:\/\/xfinformatique.fr\/wp-content\/uploads\/2017\/05\/form.png\" \/>\n\t<meta property=\"og:image:width\" content=\"270\" \/>\n\t<meta property=\"og:image:height\" content=\"250\" \/>\n\t<meta property=\"og:image:type\" content=\"image\/png\" \/>\n<meta name=\"twitter:card\" content=\"summary_large_image\" \/>\n<meta name=\"twitter:label1\" content=\"Estimated reading time\" \/>\n\t<meta name=\"twitter:data1\" content=\"2 minutes\" \/>\n<script type=\"application\/ld+json\" class=\"yoast-schema-graph\">{\"@context\":\"https:\/\/schema.org\",\"@graph\":[{\"@type\":\"WebPage\",\"@id\":\"https:\/\/xfinformatique.fr\/formation\/\",\"url\":\"https:\/\/xfinformatique.fr\/formation\/\",\"name\":\"XF Informatique - D\u00e9pannage informatique sur site ou \u00e0 distance\",\"isPartOf\":{\"@id\":\"https:\/\/xfinformatique.fr\/#website\"},\"primaryImageOfPage\":{\"@id\":\"https:\/\/xfinformatique.fr\/formation\/#primaryimage\"},\"image\":{\"@id\":\"https:\/\/xfinformatique.fr\/formation\/#primaryimage\"},\"thumbnailUrl\":\"https:\/\/xfinformatique.fr\/wp-content\/uploads\/2017\/05\/form.png\",\"datePublished\":\"2017-01-18T00:36:16+00:00\",\"dateModified\":\"2025-06-07T16:42:36+00:00\",\"description\":\"Formation informatique : Installation, optimisation, conseils et formations informatiques personnalis\u00e9es sur site ou \u00e0 distance\",\"breadcrumb\":{\"@id\":\"https:\/\/xfinformatique.fr\/formation\/#breadcrumb\"},\"inLanguage\":\"en-GB\",\"potentialAction\":[{\"@type\":\"ReadAction\",\"target\":[\"https:\/\/xfinformatique.fr\/formation\/\"]}]},{\"@type\":\"ImageObject\",\"inLanguage\":\"en-GB\",\"@id\":\"https:\/\/xfinformatique.fr\/formation\/#primaryimage\",\"url\":\"https:\/\/xfinformatique.fr\/wp-content\/uploads\/2017\/05\/form.png\",\"contentUrl\":\"https:\/\/xfinformatique.fr\/wp-content\/uploads\/2017\/05\/form.png\",\"width\":270,\"height\":250},{\"@type\":\"BreadcrumbList\",\"@id\":\"https:\/\/xfinformatique.fr\/formation\/#breadcrumb\",\"itemListElement\":[{\"@type\":\"ListItem\",\"position\":1,\"name\":\"Accueil\",\"item\":\"https:\/\/xfinformatique.fr\/\"},{\"@type\":\"ListItem\",\"position\":2,\"name\":\"Formation\"}]},{\"@type\":\"WebSite\",\"@id\":\"https:\/\/xfinformatique.fr\/#website\",\"url\":\"https:\/\/xfinformatique.fr\/\",\"name\":\"XF Informatique\",\"description\":\"conseils, d\u00e9pannages, formations personnalis\u00e9es\",\"publisher\":{\"@id\":\"https:\/\/xfinformatique.fr\/#organization\"},\"potentialAction\":[{\"@type\":\"SearchAction\",\"target\":{\"@type\":\"EntryPoint\",\"urlTemplate\":\"https:\/\/xfinformatique.fr\/?s={search_term_string}\"},\"query-input\":{\"@type\":\"PropertyValueSpecification\",\"valueRequired\":true,\"valueName\":\"search_term_string\"}}],\"inLanguage\":\"en-GB\"},{\"@type\":\"Organization\",\"@id\":\"https:\/\/xfinformatique.fr\/#organization\",\"name\":\"XF Informatique\",\"url\":\"https:\/\/xfinformatique.fr\/\",\"logo\":{\"@type\":\"ImageObject\",\"inLanguage\":\"en-GB\",\"@id\":\"https:\/\/xfinformatique.fr\/#\/schema\/logo\/image\/\",\"url\":\"https:\/\/xfinformatique.fr\/wp-content\/uploads\/2017\/01\/XFI.png\",\"contentUrl\":\"https:\/\/xfinformatique.fr\/wp-content\/uploads\/2017\/01\/XFI.png\",\"width\":512,\"height\":512,\"caption\":\"XF Informatique\"},\"image\":{\"@id\":\"https:\/\/xfinformatique.fr\/#\/schema\/logo\/image\/\"},\"sameAs\":[\"https:\/\/www.facebook.com\/xfinformatique\/\"]}]}<\/script>\n<!-- \/ Yoast SEO plugin. -->","yoast_head_json":{"title":"XF Informatique - D\u00e9pannage informatique sur site ou \u00e0 distance","description":"Formation informatique : Installation, optimisation, conseils et formations informatiques personnalis\u00e9es sur site ou \u00e0 distance","robots":{"index":"index","follow":"follow","max-snippet":"max-snippet:-1","max-image-preview":"max-image-preview:large","max-video-preview":"max-video-preview:-1"},"canonical":"https:\/\/xfinformatique.fr\/en\/formation\/","og_locale":"en_GB","og_type":"article","og_title":"XF Informatique - D\u00e9pannage informatique sur site ou \u00e0 distance","og_description":"Formation informatique : Installation, optimisation, conseils et formations informatiques personnalis\u00e9es sur site ou \u00e0 distance","og_url":"https:\/\/xfinformatique.fr\/en\/formation\/","og_site_name":"XF Informatique","article_publisher":"https:\/\/www.facebook.com\/xfinformatique\/","article_modified_time":"2025-06-07T16:42:36+00:00","og_image":[{"width":270,"height":250,"url":"https:\/\/xfinformatique.fr\/wp-content\/uploads\/2017\/05\/form.png","type":"image\/png"}],"twitter_card":"summary_large_image","twitter_misc":{"Estimated reading time":"2 minutes"},"schema":{"@context":"https:\/\/schema.org","@graph":[{"@type":"WebPage","@id":"https:\/\/xfinformatique.fr\/formation\/","url":"https:\/\/xfinformatique.fr\/formation\/","name":"XF Informatique - D\u00e9pannage informatique sur site ou \u00e0 distance","isPartOf":{"@id":"https:\/\/xfinformatique.fr\/#website"},"primaryImageOfPage":{"@id":"https:\/\/xfinformatique.fr\/formation\/#primaryimage"},"image":{"@id":"https:\/\/xfinformatique.fr\/formation\/#primaryimage"},"thumbnailUrl":"https:\/\/xfinformatique.fr\/wp-content\/uploads\/2017\/05\/form.png","datePublished":"2017-01-18T00:36:16+00:00","dateModified":"2025-06-07T16:42:36+00:00","description":"Formation informatique : Installation, optimisation, conseils et formations informatiques personnalis\u00e9es sur site ou \u00e0 distance","breadcrumb":{"@id":"https:\/\/xfinformatique.fr\/formation\/#breadcrumb"},"inLanguage":"en-GB","potentialAction":[{"@type":"ReadAction","target":["https:\/\/xfinformatique.fr\/formation\/"]}]},{"@type":"ImageObject","inLanguage":"en-GB","@id":"https:\/\/xfinformatique.fr\/formation\/#primaryimage","url":"https:\/\/xfinformatique.fr\/wp-content\/uploads\/2017\/05\/form.png","contentUrl":"https:\/\/xfinformatique.fr\/wp-content\/uploads\/2017\/05\/form.png","width":270,"height":250},{"@type":"BreadcrumbList","@id":"https:\/\/xfinformatique.fr\/formation\/#breadcrumb","itemListElement":[{"@type":"ListItem","position":1,"name":"Accueil","item":"https:\/\/xfinformatique.fr\/"},{"@type":"ListItem","position":2,"name":"Formation"}]},{"@type":"WebSite","@id":"https:\/\/xfinformatique.fr\/#website","url":"https:\/\/xfinformatique.fr\/","name":"XF Informatique","description":"IT advice, Repairs, Tailored training courses","publisher":{"@id":"https:\/\/xfinformatique.fr\/#organization"},"potentialAction":[{"@type":"SearchAction","target":{"@type":"EntryPoint","urlTemplate":"https:\/\/xfinformatique.fr\/?s={search_term_string}"},"query-input":{"@type":"PropertyValueSpecification","valueRequired":true,"valueName":"search_term_string"}}],"inLanguage":"en-GB"},{"@type":"Organization","@id":"https:\/\/xfinformatique.fr\/#organization","name":"XF Informatique","url":"https:\/\/xfinformatique.fr\/","logo":{"@type":"ImageObject","inLanguage":"en-GB","@id":"https:\/\/xfinformatique.fr\/#\/schema\/logo\/image\/","url":"https:\/\/xfinformatique.fr\/wp-content\/uploads\/2017\/01\/XFI.png","contentUrl":"https:\/\/xfinformatique.fr\/wp-content\/uploads\/2017\/01\/XFI.png","width":512,"height":512,"caption":"XF Informatique"},"image":{"@id":"https:\/\/xfinformatique.fr\/#\/schema\/logo\/image\/"},"sameAs":["https:\/\/www.facebook.com\/xfinformatique\/"]}]}},"_links":{"self":[{"href":"https:\/\/xfinformatique.fr\/en\/wp-json\/wp\/v2\/pages\/39","targetHints":{"allow":["GET"]}}],"collection":[{"href":"https:\/\/xfinformatique.fr\/en\/wp-json\/wp\/v2\/pages"}],"about":[{"href":"https:\/\/xfinformatique.fr\/en\/wp-json\/wp\/v2\/types\/page"}],"author":[{"embeddable":true,"href":"https:\/\/xfinformatique.fr\/en\/wp-json\/wp\/v2\/users\/1"}],"replies":[{"embeddable":true,"href":"https:\/\/xfinformatique.fr\/en\/wp-json\/wp\/v2\/comments?post=39"}],"version-history":[{"count":11,"href":"https:\/\/xfinformatique.fr\/en\/wp-json\/wp\/v2\/pages\/39\/revisions"}],"predecessor-version":[{"id":696,"href":"https:\/\/xfinformatique.fr\/en\/wp-json\/wp\/v2\/pages\/39\/revisions\/696"}],"wp:featuredmedia":[{"embeddable":true,"href":"https:\/\/xfinformatique.fr\/en\/wp-json\/wp\/v2\/media\/123"}],"wp:attachment":[{"href":"https:\/\/xfinformatique.fr\/en\/wp-json\/wp\/v2\/media?parent=39"}],"curies":[{"name":"wp","href":"https:\/\/api.w.org\/{rel}","templated":true}]}}