{"id":37,"date":"2017-01-18T01:35:56","date_gmt":"2017-01-18T00:35:56","guid":{"rendered":"http:\/\/xfinformatique.fr\/?page_id=37"},"modified":"2022-07-23T12:15:00","modified_gmt":"2022-07-23T10:15:00","slug":"assistance","status":"publish","type":"page","link":"https:\/\/xfinformatique.fr\/en\/assistance\/","title":{"rendered":"IT Support"},"content":{"rendered":"<h3><img loading=\"lazy\" decoding=\"async\" class=\"alignnone wp-image-239 size-full\" src=\"https:\/\/xfinformatique.fr\/wp-content\/uploads\/2019\/01\/ordi2.png\" alt=\"\" width=\"35\" height=\"29\"><em> PC &amp; network setup&nbsp; <\/em><\/h3>\n<ul>\n<li>Device installation : computer, tablet, smartphone<\/li>\n<li>Software installation\/optimization<\/li>\n<li>Accessories installation : printer, audio device, webcam etc.<\/li>\n<li>Internet connection setup (any provider) : Fiber, ADSL, Wimax, Satellite etc<\/li>\n<li>Phone installation<\/li>\n<li>TV tuner setup<\/li>\n<li>Device and accessories online connection (hard-wired, WiFi, powerline)<\/li>\n<\/ul>\n<hr>\n<h3><em><img loading=\"lazy\" decoding=\"async\" class=\"alignnone size-full wp-image-52\" src=\"http:\/\/xfinformatique.fr\/wp-content\/uploads\/2017\/01\/hdd.png\" alt=\"\" width=\"35\" height=\"26\"> Repairs<\/em><\/h3>\n<ul>\n<li>Operating system repair\/reinstall<\/li>\n<li>Hardware\/software cleaning<\/li>\n<li>System optimization<\/li>\n<li>System restore\/data backup<\/li>\n<\/ul>\n<hr>\n<p><img loading=\"lazy\" decoding=\"async\" class=\"alignnone size-full wp-image-58\" src=\"http:\/\/xfinformatique.fr\/wp-content\/uploads\/2017\/01\/voiture-e1484706415879.png\" alt=\"Voiture\" width=\"60\" height=\"60\"> No call-out fee for Monflanquin (47150)<\/p>\n<h3><img loading=\"lazy\" decoding=\"async\" class=\"alignnone size-full wp-image-54\" src=\"http:\/\/xfinformatique.fr\/wp-content\/uploads\/2017\/01\/tel.png\" alt=\"Tel\" width=\"35\" height=\"35\">&nbsp;06 95 48 42 49<\/h3>","protected":false},"excerpt":{"rendered":"<p>Installation PC &amp; r\u00e9seau&nbsp; Installation de vos appareils: ordinateur, tablette, smartphone. Installation et\/ou optimisation des logiciels (antivirus etc) Installation des p\u00e9riph\u00e9riques: imprimante, mat\u00e9riel audio, webcam etc. Mise en service de votre connexion internet (tout op\u00e9rateur) ADSL, Fibre, Wimax, Satellite etc. Branchement de votre t\u00e9l\u00e9phone fixe sur votre modem. Branchement de votre d\u00e9codeur TV. Connexion de [&hellip;]<\/p>\n","protected":false},"author":1,"featured_media":122,"parent":0,"menu_order":0,"comment_status":"closed","ping_status":"closed","template":"","meta":{"footnotes":""},"class_list":["post-37","page","type-page","status-publish","has-post-thumbnail","czr-hentry"],"yoast_head":"<!-- This site is optimized with the Yoast SEO plugin v27.2 - https:\/\/yoast.com\/product\/yoast-seo-wordpress\/ -->\n<title>XF Informatique - D\u00e9pannage informatique sur site ou \u00e0 distance<\/title>\n<meta name=\"description\" content=\"Assistance informatique : Installation, optimisation, conseils et formations informatiques personnalis\u00e9es sur site ou \u00e0 distance\" \/>\n<meta name=\"robots\" content=\"index, follow, max-snippet:-1, max-image-preview:large, max-video-preview:-1\" \/>\n<link rel=\"canonical\" href=\"https:\/\/xfinformatique.fr\/en\/assistance\/\" \/>\n<meta property=\"og:locale\" content=\"en_GB\" \/>\n<meta property=\"og:type\" content=\"article\" \/>\n<meta property=\"og:title\" content=\"XF Informatique - D\u00e9pannage informatique sur site ou \u00e0 distance\" \/>\n<meta property=\"og:description\" content=\"Assistance informatique : Installation, optimisation, conseils et formations informatiques personnalis\u00e9es sur site ou \u00e0 distance\" \/>\n<meta property=\"og:url\" content=\"https:\/\/xfinformatique.fr\/en\/assistance\/\" \/>\n<meta property=\"og:site_name\" content=\"XF Informatique\" \/>\n<meta property=\"article:publisher\" content=\"https:\/\/www.facebook.com\/xfinformatique\/\" \/>\n<meta property=\"article:modified_time\" content=\"2022-07-23T10:15:00+00:00\" \/>\n<meta property=\"og:image\" content=\"https:\/\/xfinformatique.fr\/wp-content\/uploads\/2017\/05\/assist.png\" \/>\n\t<meta property=\"og:image:width\" content=\"270\" \/>\n\t<meta property=\"og:image:height\" content=\"250\" \/>\n\t<meta property=\"og:image:type\" content=\"image\/png\" \/>\n<meta name=\"twitter:card\" content=\"summary_large_image\" \/>\n<meta name=\"twitter:label1\" content=\"Estimated reading time\" \/>\n\t<meta name=\"twitter:data1\" content=\"2 minutes\" \/>\n<script type=\"application\/ld+json\" class=\"yoast-schema-graph\">{\"@context\":\"https:\/\/schema.org\",\"@graph\":[{\"@type\":\"WebPage\",\"@id\":\"https:\/\/xfinformatique.fr\/assistance\/\",\"url\":\"https:\/\/xfinformatique.fr\/assistance\/\",\"name\":\"XF Informatique - D\u00e9pannage informatique sur site ou \u00e0 distance\",\"isPartOf\":{\"@id\":\"https:\/\/xfinformatique.fr\/#website\"},\"primaryImageOfPage\":{\"@id\":\"https:\/\/xfinformatique.fr\/assistance\/#primaryimage\"},\"image\":{\"@id\":\"https:\/\/xfinformatique.fr\/assistance\/#primaryimage\"},\"thumbnailUrl\":\"https:\/\/xfinformatique.fr\/wp-content\/uploads\/2017\/05\/assist.png\",\"datePublished\":\"2017-01-18T00:35:56+00:00\",\"dateModified\":\"2022-07-23T10:15:00+00:00\",\"description\":\"Assistance informatique : Installation, optimisation, conseils et formations informatiques personnalis\u00e9es sur site ou \u00e0 distance\",\"breadcrumb\":{\"@id\":\"https:\/\/xfinformatique.fr\/assistance\/#breadcrumb\"},\"inLanguage\":\"en-GB\",\"potentialAction\":[{\"@type\":\"ReadAction\",\"target\":[\"https:\/\/xfinformatique.fr\/assistance\/\"]}]},{\"@type\":\"ImageObject\",\"inLanguage\":\"en-GB\",\"@id\":\"https:\/\/xfinformatique.fr\/assistance\/#primaryimage\",\"url\":\"https:\/\/xfinformatique.fr\/wp-content\/uploads\/2017\/05\/assist.png\",\"contentUrl\":\"https:\/\/xfinformatique.fr\/wp-content\/uploads\/2017\/05\/assist.png\",\"width\":270,\"height\":250},{\"@type\":\"BreadcrumbList\",\"@id\":\"https:\/\/xfinformatique.fr\/assistance\/#breadcrumb\",\"itemListElement\":[{\"@type\":\"ListItem\",\"position\":1,\"name\":\"Accueil\",\"item\":\"https:\/\/xfinformatique.fr\/\"},{\"@type\":\"ListItem\",\"position\":2,\"name\":\"Assistance\"}]},{\"@type\":\"WebSite\",\"@id\":\"https:\/\/xfinformatique.fr\/#website\",\"url\":\"https:\/\/xfinformatique.fr\/\",\"name\":\"XF Informatique\",\"description\":\"conseils, d\u00e9pannages, formations personnalis\u00e9es\",\"publisher\":{\"@id\":\"https:\/\/xfinformatique.fr\/#organization\"},\"potentialAction\":[{\"@type\":\"SearchAction\",\"target\":{\"@type\":\"EntryPoint\",\"urlTemplate\":\"https:\/\/xfinformatique.fr\/?s={search_term_string}\"},\"query-input\":{\"@type\":\"PropertyValueSpecification\",\"valueRequired\":true,\"valueName\":\"search_term_string\"}}],\"inLanguage\":\"en-GB\"},{\"@type\":\"Organization\",\"@id\":\"https:\/\/xfinformatique.fr\/#organization\",\"name\":\"XF Informatique\",\"url\":\"https:\/\/xfinformatique.fr\/\",\"logo\":{\"@type\":\"ImageObject\",\"inLanguage\":\"en-GB\",\"@id\":\"https:\/\/xfinformatique.fr\/#\/schema\/logo\/image\/\",\"url\":\"https:\/\/xfinformatique.fr\/wp-content\/uploads\/2017\/01\/XFI.png\",\"contentUrl\":\"https:\/\/xfinformatique.fr\/wp-content\/uploads\/2017\/01\/XFI.png\",\"width\":512,\"height\":512,\"caption\":\"XF Informatique\"},\"image\":{\"@id\":\"https:\/\/xfinformatique.fr\/#\/schema\/logo\/image\/\"},\"sameAs\":[\"https:\/\/www.facebook.com\/xfinformatique\/\"]}]}<\/script>\n<!-- \/ Yoast SEO plugin. -->","yoast_head_json":{"title":"XF Informatique - D\u00e9pannage informatique sur site ou \u00e0 distance","description":"Assistance informatique : Installation, optimisation, conseils et formations informatiques personnalis\u00e9es sur site ou \u00e0 distance","robots":{"index":"index","follow":"follow","max-snippet":"max-snippet:-1","max-image-preview":"max-image-preview:large","max-video-preview":"max-video-preview:-1"},"canonical":"https:\/\/xfinformatique.fr\/en\/assistance\/","og_locale":"en_GB","og_type":"article","og_title":"XF Informatique - D\u00e9pannage informatique sur site ou \u00e0 distance","og_description":"Assistance informatique : Installation, optimisation, conseils et formations informatiques personnalis\u00e9es sur site ou \u00e0 distance","og_url":"https:\/\/xfinformatique.fr\/en\/assistance\/","og_site_name":"XF Informatique","article_publisher":"https:\/\/www.facebook.com\/xfinformatique\/","article_modified_time":"2022-07-23T10:15:00+00:00","og_image":[{"width":270,"height":250,"url":"https:\/\/xfinformatique.fr\/wp-content\/uploads\/2017\/05\/assist.png","type":"image\/png"}],"twitter_card":"summary_large_image","twitter_misc":{"Estimated reading time":"2 minutes"},"schema":{"@context":"https:\/\/schema.org","@graph":[{"@type":"WebPage","@id":"https:\/\/xfinformatique.fr\/assistance\/","url":"https:\/\/xfinformatique.fr\/assistance\/","name":"XF Informatique - D\u00e9pannage informatique sur site ou \u00e0 distance","isPartOf":{"@id":"https:\/\/xfinformatique.fr\/#website"},"primaryImageOfPage":{"@id":"https:\/\/xfinformatique.fr\/assistance\/#primaryimage"},"image":{"@id":"https:\/\/xfinformatique.fr\/assistance\/#primaryimage"},"thumbnailUrl":"https:\/\/xfinformatique.fr\/wp-content\/uploads\/2017\/05\/assist.png","datePublished":"2017-01-18T00:35:56+00:00","dateModified":"2022-07-23T10:15:00+00:00","description":"Assistance informatique : Installation, optimisation, conseils et formations informatiques personnalis\u00e9es sur site ou \u00e0 distance","breadcrumb":{"@id":"https:\/\/xfinformatique.fr\/assistance\/#breadcrumb"},"inLanguage":"en-GB","potentialAction":[{"@type":"ReadAction","target":["https:\/\/xfinformatique.fr\/assistance\/"]}]},{"@type":"ImageObject","inLanguage":"en-GB","@id":"https:\/\/xfinformatique.fr\/assistance\/#primaryimage","url":"https:\/\/xfinformatique.fr\/wp-content\/uploads\/2017\/05\/assist.png","contentUrl":"https:\/\/xfinformatique.fr\/wp-content\/uploads\/2017\/05\/assist.png","width":270,"height":250},{"@type":"BreadcrumbList","@id":"https:\/\/xfinformatique.fr\/assistance\/#breadcrumb","itemListElement":[{"@type":"ListItem","position":1,"name":"Accueil","item":"https:\/\/xfinformatique.fr\/"},{"@type":"ListItem","position":2,"name":"Assistance"}]},{"@type":"WebSite","@id":"https:\/\/xfinformatique.fr\/#website","url":"https:\/\/xfinformatique.fr\/","name":"XF Informatique","description":"IT advice, Repairs, Tailored training courses","publisher":{"@id":"https:\/\/xfinformatique.fr\/#organization"},"potentialAction":[{"@type":"SearchAction","target":{"@type":"EntryPoint","urlTemplate":"https:\/\/xfinformatique.fr\/?s={search_term_string}"},"query-input":{"@type":"PropertyValueSpecification","valueRequired":true,"valueName":"search_term_string"}}],"inLanguage":"en-GB"},{"@type":"Organization","@id":"https:\/\/xfinformatique.fr\/#organization","name":"XF Informatique","url":"https:\/\/xfinformatique.fr\/","logo":{"@type":"ImageObject","inLanguage":"en-GB","@id":"https:\/\/xfinformatique.fr\/#\/schema\/logo\/image\/","url":"https:\/\/xfinformatique.fr\/wp-content\/uploads\/2017\/01\/XFI.png","contentUrl":"https:\/\/xfinformatique.fr\/wp-content\/uploads\/2017\/01\/XFI.png","width":512,"height":512,"caption":"XF Informatique"},"image":{"@id":"https:\/\/xfinformatique.fr\/#\/schema\/logo\/image\/"},"sameAs":["https:\/\/www.facebook.com\/xfinformatique\/"]}]}},"_links":{"self":[{"href":"https:\/\/xfinformatique.fr\/en\/wp-json\/wp\/v2\/pages\/37","targetHints":{"allow":["GET"]}}],"collection":[{"href":"https:\/\/xfinformatique.fr\/en\/wp-json\/wp\/v2\/pages"}],"about":[{"href":"https:\/\/xfinformatique.fr\/en\/wp-json\/wp\/v2\/types\/page"}],"author":[{"embeddable":true,"href":"https:\/\/xfinformatique.fr\/en\/wp-json\/wp\/v2\/users\/1"}],"replies":[{"embeddable":true,"href":"https:\/\/xfinformatique.fr\/en\/wp-json\/wp\/v2\/comments?post=37"}],"version-history":[{"count":13,"href":"https:\/\/xfinformatique.fr\/en\/wp-json\/wp\/v2\/pages\/37\/revisions"}],"predecessor-version":[{"id":528,"href":"https:\/\/xfinformatique.fr\/en\/wp-json\/wp\/v2\/pages\/37\/revisions\/528"}],"wp:featuredmedia":[{"embeddable":true,"href":"https:\/\/xfinformatique.fr\/en\/wp-json\/wp\/v2\/media\/122"}],"wp:attachment":[{"href":"https:\/\/xfinformatique.fr\/en\/wp-json\/wp\/v2\/media?parent=37"}],"curies":[{"name":"wp","href":"https:\/\/api.w.org\/{rel}","templated":true}]}}