{"id":2,"date":"2016-05-23T12:59:54","date_gmt":"2016-05-23T10:59:54","guid":{"rendered":"http:\/\/xfinformatique.fr\/?page_id=2"},"modified":"2023-02-10T12:44:50","modified_gmt":"2023-02-10T11:44:50","slug":"accueil","status":"publish","type":"page","link":"https:\/\/xfinformatique.fr\/en\/","title":{"rendered":"Home"},"content":{"rendered":"","protected":false},"excerpt":{"rendered":"","protected":false},"author":1,"featured_media":0,"parent":0,"menu_order":0,"comment_status":"closed","ping_status":"open","template":"","meta":{"footnotes":""},"class_list":["post-2","page","type-page","status-publish","czr-hentry"],"yoast_head":"<!-- This site is optimized with the Yoast SEO plugin v27.2 - https:\/\/yoast.com\/product\/yoast-seo-wordpress\/ -->\n<title>XF Informatique - D\u00e9pannage informatique sur site ou \u00e0 distance<\/title>\n<meta name=\"description\" content=\"D\u00e9pannage informatique : Installation, optimisation, conseils et formations informatiques personnalis\u00e9es sur site ou \u00e0 distance.\" \/>\n<meta name=\"robots\" content=\"index, follow, max-snippet:-1, max-image-preview:large, max-video-preview:-1\" \/>\n<link rel=\"canonical\" href=\"https:\/\/xfinformatique.fr\/en\/\" \/>\n<meta property=\"og:locale\" content=\"en_GB\" \/>\n<meta property=\"og:type\" content=\"article\" \/>\n<meta property=\"og:title\" content=\"XF Informatique - D\u00e9pannage informatique sur site ou \u00e0 distance\" \/>\n<meta property=\"og:description\" content=\"D\u00e9pannage informatique : Installation, optimisation, conseils et formations informatiques personnalis\u00e9es sur site ou \u00e0 distance.\" \/>\n<meta property=\"og:url\" content=\"https:\/\/xfinformatique.fr\/en\/\" \/>\n<meta property=\"og:site_name\" content=\"XF Informatique\" \/>\n<meta property=\"article:publisher\" content=\"https:\/\/www.facebook.com\/xfinformatique\/\" \/>\n<meta property=\"article:modified_time\" content=\"2023-02-10T11:44:50+00:00\" \/>\n<meta name=\"twitter:card\" content=\"summary_large_image\" \/>\n<script type=\"application\/ld+json\" class=\"yoast-schema-graph\">{\"@context\":\"https:\/\/schema.org\",\"@graph\":[{\"@type\":\"WebPage\",\"@id\":\"https:\/\/xfinformatique.fr\/\",\"url\":\"https:\/\/xfinformatique.fr\/\",\"name\":\"XF Informatique - D\u00e9pannage informatique sur site ou \u00e0 distance\",\"isPartOf\":{\"@id\":\"https:\/\/xfinformatique.fr\/#website\"},\"datePublished\":\"2016-05-23T10:59:54+00:00\",\"dateModified\":\"2023-02-10T11:44:50+00:00\",\"description\":\"D\u00e9pannage informatique : Installation, optimisation, conseils et formations informatiques personnalis\u00e9es sur site ou \u00e0 distance.\",\"breadcrumb\":{\"@id\":\"https:\/\/xfinformatique.fr\/#breadcrumb\"},\"inLanguage\":\"en-GB\",\"potentialAction\":[{\"@type\":\"ReadAction\",\"target\":[\"https:\/\/xfinformatique.fr\/\"]}]},{\"@type\":\"BreadcrumbList\",\"@id\":\"https:\/\/xfinformatique.fr\/#breadcrumb\",\"itemListElement\":[{\"@type\":\"ListItem\",\"position\":1,\"name\":\"Accueil\",\"item\":\"https:\/\/xfinformatique.fr\/\"},{\"@type\":\"ListItem\",\"position\":2,\"name\":\"Accueil\"}]},{\"@type\":\"WebSite\",\"@id\":\"https:\/\/xfinformatique.fr\/#website\",\"url\":\"https:\/\/xfinformatique.fr\/\",\"name\":\"XF Informatique\",\"description\":\"conseils, d\u00e9pannages, formations personnalis\u00e9es\",\"publisher\":{\"@id\":\"https:\/\/xfinformatique.fr\/#organization\"},\"potentialAction\":[{\"@type\":\"SearchAction\",\"target\":{\"@type\":\"EntryPoint\",\"urlTemplate\":\"https:\/\/xfinformatique.fr\/?s={search_term_string}\"},\"query-input\":{\"@type\":\"PropertyValueSpecification\",\"valueRequired\":true,\"valueName\":\"search_term_string\"}}],\"inLanguage\":\"en-GB\"},{\"@type\":\"Organization\",\"@id\":\"https:\/\/xfinformatique.fr\/#organization\",\"name\":\"XF Informatique\",\"url\":\"https:\/\/xfinformatique.fr\/\",\"logo\":{\"@type\":\"ImageObject\",\"inLanguage\":\"en-GB\",\"@id\":\"https:\/\/xfinformatique.fr\/#\/schema\/logo\/image\/\",\"url\":\"https:\/\/xfinformatique.fr\/wp-content\/uploads\/2017\/01\/XFI.png\",\"contentUrl\":\"https:\/\/xfinformatique.fr\/wp-content\/uploads\/2017\/01\/XFI.png\",\"width\":512,\"height\":512,\"caption\":\"XF Informatique\"},\"image\":{\"@id\":\"https:\/\/xfinformatique.fr\/#\/schema\/logo\/image\/\"},\"sameAs\":[\"https:\/\/www.facebook.com\/xfinformatique\/\"]}]}<\/script>\n<!-- \/ Yoast SEO plugin. -->","yoast_head_json":{"title":"XF Informatique - D\u00e9pannage informatique sur site ou \u00e0 distance","description":"D\u00e9pannage informatique : Installation, optimisation, conseils et formations informatiques personnalis\u00e9es sur site ou \u00e0 distance.","robots":{"index":"index","follow":"follow","max-snippet":"max-snippet:-1","max-image-preview":"max-image-preview:large","max-video-preview":"max-video-preview:-1"},"canonical":"https:\/\/xfinformatique.fr\/en\/","og_locale":"en_GB","og_type":"article","og_title":"XF Informatique - D\u00e9pannage informatique sur site ou \u00e0 distance","og_description":"D\u00e9pannage informatique : Installation, optimisation, conseils et formations informatiques personnalis\u00e9es sur site ou \u00e0 distance.","og_url":"https:\/\/xfinformatique.fr\/en\/","og_site_name":"XF Informatique","article_publisher":"https:\/\/www.facebook.com\/xfinformatique\/","article_modified_time":"2023-02-10T11:44:50+00:00","twitter_card":"summary_large_image","schema":{"@context":"https:\/\/schema.org","@graph":[{"@type":"WebPage","@id":"https:\/\/xfinformatique.fr\/","url":"https:\/\/xfinformatique.fr\/","name":"XF Informatique - D\u00e9pannage informatique sur site ou \u00e0 distance","isPartOf":{"@id":"https:\/\/xfinformatique.fr\/#website"},"datePublished":"2016-05-23T10:59:54+00:00","dateModified":"2023-02-10T11:44:50+00:00","description":"D\u00e9pannage informatique : Installation, optimisation, conseils et formations informatiques personnalis\u00e9es sur site ou \u00e0 distance.","breadcrumb":{"@id":"https:\/\/xfinformatique.fr\/#breadcrumb"},"inLanguage":"en-GB","potentialAction":[{"@type":"ReadAction","target":["https:\/\/xfinformatique.fr\/"]}]},{"@type":"BreadcrumbList","@id":"https:\/\/xfinformatique.fr\/#breadcrumb","itemListElement":[{"@type":"ListItem","position":1,"name":"Accueil","item":"https:\/\/xfinformatique.fr\/"},{"@type":"ListItem","position":2,"name":"Accueil"}]},{"@type":"WebSite","@id":"https:\/\/xfinformatique.fr\/#website","url":"https:\/\/xfinformatique.fr\/","name":"XF Informatique","description":"IT advice, Repairs, Tailored training courses","publisher":{"@id":"https:\/\/xfinformatique.fr\/#organization"},"potentialAction":[{"@type":"SearchAction","target":{"@type":"EntryPoint","urlTemplate":"https:\/\/xfinformatique.fr\/?s={search_term_string}"},"query-input":{"@type":"PropertyValueSpecification","valueRequired":true,"valueName":"search_term_string"}}],"inLanguage":"en-GB"},{"@type":"Organization","@id":"https:\/\/xfinformatique.fr\/#organization","name":"XF Informatique","url":"https:\/\/xfinformatique.fr\/","logo":{"@type":"ImageObject","inLanguage":"en-GB","@id":"https:\/\/xfinformatique.fr\/#\/schema\/logo\/image\/","url":"https:\/\/xfinformatique.fr\/wp-content\/uploads\/2017\/01\/XFI.png","contentUrl":"https:\/\/xfinformatique.fr\/wp-content\/uploads\/2017\/01\/XFI.png","width":512,"height":512,"caption":"XF Informatique"},"image":{"@id":"https:\/\/xfinformatique.fr\/#\/schema\/logo\/image\/"},"sameAs":["https:\/\/www.facebook.com\/xfinformatique\/"]}]}},"_links":{"self":[{"href":"https:\/\/xfinformatique.fr\/en\/wp-json\/wp\/v2\/pages\/2","targetHints":{"allow":["GET"]}}],"collection":[{"href":"https:\/\/xfinformatique.fr\/en\/wp-json\/wp\/v2\/pages"}],"about":[{"href":"https:\/\/xfinformatique.fr\/en\/wp-json\/wp\/v2\/types\/page"}],"author":[{"embeddable":true,"href":"https:\/\/xfinformatique.fr\/en\/wp-json\/wp\/v2\/users\/1"}],"replies":[{"embeddable":true,"href":"https:\/\/xfinformatique.fr\/en\/wp-json\/wp\/v2\/comments?post=2"}],"version-history":[{"count":5,"href":"https:\/\/xfinformatique.fr\/en\/wp-json\/wp\/v2\/pages\/2\/revisions"}],"predecessor-version":[{"id":289,"href":"https:\/\/xfinformatique.fr\/en\/wp-json\/wp\/v2\/pages\/2\/revisions\/289"}],"wp:attachment":[{"href":"https:\/\/xfinformatique.fr\/en\/wp-json\/wp\/v2\/media?parent=2"}],"curies":[{"name":"wp","href":"https:\/\/api.w.org\/{rel}","templated":true}]}}